{"id":262,"date":"2024-06-29T16:36:40","date_gmt":"2024-06-29T14:36:40","guid":{"rendered":"https:\/\/julienroquette-servicis.fr\/?page_id=262"},"modified":"2025-09-08T11:13:33","modified_gmt":"2025-09-08T09:13:33","slug":"entretien-parcs-et-jardins","status":"publish","type":"page","link":"https:\/\/julienroquette-servicis.fr\/index.php\/entretien-parcs-et-jardins\/","title":{"rendered":"Entretien"},"content":{"rendered":"\t\t<div data-elementor-type=\"wp-page\" data-elementor-id=\"262\" class=\"elementor elementor-262\" data-elementor-post-type=\"page\">\n\t\t\t\t<div class=\"elementor-element elementor-element-10222fa e-flex e-con-boxed e-con e-parent\" data-id=\"10222fa\" data-element_type=\"container\" data-settings=\"{&quot;background_background&quot;:&quot;classic&quot;}\">\n\t\t\t\t\t<div class=\"e-con-inner\">\n\t\t\t\t<div class=\"elementor-element elementor-element-6e19fd0 elementor-widget__width-initial elementor-widget elementor-widget-heading\" data-id=\"6e19fd0\" data-element_type=\"widget\" data-widget_type=\"heading.default\">\n\t\t\t\t<div class=\"elementor-widget-container\">\n\t\t\t\t\t<h2 class=\"elementor-heading-title elementor-size-default\">Entretien<\/h2>\t\t\t\t<\/div>\n\t\t\t\t<\/div>\n\t\t\t\t\t<\/div>\n\t\t\t\t<\/div>\n\t\t<div class=\"elementor-element elementor-element-85fb35d e-flex e-con-boxed e-con e-parent\" data-id=\"85fb35d\" data-element_type=\"container\">\n\t\t\t\t\t<div class=\"e-con-inner\">\n\t\t\t\t<div class=\"elementor-element elementor-element-dc39a76 elementor-widget elementor-widget-spacer\" data-id=\"dc39a76\" data-element_type=\"widget\" data-widget_type=\"spacer.default\">\n\t\t\t\t<div class=\"elementor-widget-container\">\n\t\t\t\t\t\t\t<div class=\"elementor-spacer\">\n\t\t\t<div class=\"elementor-spacer-inner\"><\/div>\n\t\t<\/div>\n\t\t\t\t\t\t<\/div>\n\t\t\t\t<\/div>\n\t\t\t\t\t<\/div>\n\t\t\t\t<\/div>\n\t\t<div class=\"elementor-element elementor-element-6cb780e e-flex e-con-boxed e-con e-parent\" data-id=\"6cb780e\" data-element_type=\"container\">\n\t\t\t\t\t<div class=\"e-con-inner\">\n\t\t\t\t<div class=\"elementor-element elementor-element-283b707 elementor-widget elementor-widget-heading\" data-id=\"283b707\" data-element_type=\"widget\" data-widget_type=\"heading.default\">\n\t\t\t\t<div class=\"elementor-widget-container\">\n\t\t\t\t\t<h2 class=\"elementor-heading-title elementor-size-default\">Entreprise Servicis \u00e0 votre service<\/h2>\t\t\t\t<\/div>\n\t\t\t\t<\/div>\n\t\t\t\t\t<\/div>\n\t\t\t\t<\/div>\n\t\t<div class=\"elementor-element elementor-element-f9b3552 e-flex e-con-boxed e-con e-parent\" data-id=\"f9b3552\" data-element_type=\"container\">\n\t\t\t\t\t<div class=\"e-con-inner\">\n\t\t\t\t<div class=\"elementor-element elementor-element-06a83e4 elementor-widget elementor-widget-text-editor\" data-id=\"06a83e4\" data-element_type=\"widget\" data-widget_type=\"text-editor.default\">\n\t\t\t\t<div class=\"elementor-widget-container\">\n\t\t\t\t\t\t\t\t\t<p>R\u00e9gies, copropri\u00e9t\u00e9s, entreprises ou collectivit\u00e9s ? Confiez-nous l\u2019entretien de vos espaces verts et soyez assur\u00e9s d\u2019un travail bien fait et d\u2019un rendu esth\u00e9tique de qualit\u00e9.Prestataire au service de nombreux immeubles, nous assurons d\u00e9j\u00e0 plus de 50 contrats d&rsquo;entretien avec rigueur et professionnalisme. Choisissez, vous aussi, la s\u00e9r\u00e9nit\u00e9 en faisant appel. \u00c0 la demande ou sous contrat d&rsquo;entretien, nous sommes en mesure de r\u00e9pondre \u00e0 tous vos besoins : travaux de tonte de pelouse, taille de haies et d&rsquo;arbustes, taille d\u2019arbres fruitiers, \u00e9lagage ou abattage d&rsquo;arbres, rognage de souches, d\u00e9sherbage, d\u00e9neigement, ramassage et \u00e9vacuation des d\u00e9chets verts\u2026<\/p>\t\t\t\t\t\t\t\t<\/div>\n\t\t\t\t<\/div>\n\t\t\t\t\t<\/div>\n\t\t\t\t<\/div>\n\t\t<div class=\"elementor-element elementor-element-303b11c e-flex e-con-boxed e-con e-parent\" data-id=\"303b11c\" data-element_type=\"container\">\n\t\t\t\t\t<div class=\"e-con-inner\">\n\t\t\t\t<div class=\"elementor-element elementor-element-5ea1bb6 elementor-widget elementor-widget-spacer\" data-id=\"5ea1bb6\" data-element_type=\"widget\" data-widget_type=\"spacer.default\">\n\t\t\t\t<div class=\"elementor-widget-container\">\n\t\t\t\t\t\t\t<div class=\"elementor-spacer\">\n\t\t\t<div class=\"elementor-spacer-inner\"><\/div>\n\t\t<\/div>\n\t\t\t\t\t\t<\/div>\n\t\t\t\t<\/div>\n\t\t\t\t\t<\/div>\n\t\t\t\t<\/div>\n\t\t<div class=\"elementor-element elementor-element-4081406 e-flex e-con-boxed e-con e-parent\" data-id=\"4081406\" data-element_type=\"container\">\n\t\t\t\t\t<div class=\"e-con-inner\">\n\t\t\t\t<div class=\"elementor-element elementor-element-7d09777 elementor-widget elementor-widget-heading\" data-id=\"7d09777\" data-element_type=\"widget\" data-widget_type=\"heading.default\">\n\t\t\t\t<div class=\"elementor-widget-container\">\n\t\t\t\t\t<h2 class=\"elementor-heading-title elementor-size-default\">Votre entretien \u00e0 la carte sur le Cantal<\/h2>\t\t\t\t<\/div>\n\t\t\t\t<\/div>\n\t\t\t\t\t<\/div>\n\t\t\t\t<\/div>\n\t\t<div class=\"elementor-element elementor-element-061c488 e-flex e-con-boxed e-con e-parent\" data-id=\"061c488\" data-element_type=\"container\">\n\t\t\t\t\t<div class=\"e-con-inner\">\n\t\t<div class=\"elementor-element elementor-element-316c333 e-con-full e-flex e-con e-child\" data-id=\"316c333\" data-element_type=\"container\">\n\t\t\t\t<div class=\"elementor-element elementor-element-14c3874 elementor-widget elementor-widget-text-editor\" data-id=\"14c3874\" data-element_type=\"widget\" data-widget_type=\"text-editor.default\">\n\t\t\t\t<div class=\"elementor-widget-container\">\n\t\t\t\t\t\t\t\t\t<p>R\u00e9actifs et disponibles, nous intervenons sur le Cantal et Nord Aveyron. Cours int\u00e9rieures, parcs, abords d\u2019immeubles, de si\u00e8ges sociaux et b\u00e2timents, ou espaces urbains\u2026 Quelles que soient la taille de l\u2019espace et la typologie du terrain, nous avons l\u2019exp\u00e9rience et le mat\u00e9riel n\u00e9cessaires pour vous apporter des solutions d\u2019entretien efficaces et p\u00e9rennes.<\/p><p>La qualit\u00e9 et le s\u00e9rieux de nos prestations sont la raison de notre p\u00e9rennit\u00e9 et notre savoir-faire conjugue travail soign\u00e9 et respect de l\u2019environnement.<\/p>\t\t\t\t\t\t\t\t<\/div>\n\t\t\t\t<\/div>\n\t\t\t\t<\/div>\n\t\t<div class=\"elementor-element elementor-element-69d2987 e-con-full e-flex e-con e-child\" data-id=\"69d2987\" data-element_type=\"container\">\n\t\t\t\t<div class=\"elementor-element elementor-element-696c6f4 elementor-widget elementor-widget-image\" data-id=\"696c6f4\" data-element_type=\"widget\" data-widget_type=\"image.default\">\n\t\t\t\t<div class=\"elementor-widget-container\">\n\t\t\t\t\t\t\t\t\t\t\t\t\t\t\t<img fetchpriority=\"high\" decoding=\"async\" width=\"1024\" height=\"597\" src=\"https:\/\/julienroquette-servicis.fr\/wp-content\/uploads\/2025\/09\/Avant-2-1024x597.webp\" class=\"attachment-large size-large wp-image-995\" alt=\"\" srcset=\"https:\/\/julienroquette-servicis.fr\/wp-content\/uploads\/2025\/09\/Avant-2-1024x597.webp 1024w, https:\/\/julienroquette-servicis.fr\/wp-content\/uploads\/2025\/09\/Avant-2-300x175.webp 300w, https:\/\/julienroquette-servicis.fr\/wp-content\/uploads\/2025\/09\/Avant-2-768x448.webp 768w, https:\/\/julienroquette-servicis.fr\/wp-content\/uploads\/2025\/09\/Avant-2.webp 1200w\" sizes=\"(max-width: 1024px) 100vw, 1024px\" \/>\t\t\t\t\t\t\t\t\t\t\t\t\t\t\t<\/div>\n\t\t\t\t<\/div>\n\t\t\t\t<\/div>\n\t\t\t\t\t<\/div>\n\t\t\t\t<\/div>\n\t\t<div class=\"elementor-element elementor-element-5985b8b e-flex e-con-boxed e-con e-parent\" data-id=\"5985b8b\" data-element_type=\"container\">\n\t\t\t\t\t<div class=\"e-con-inner\">\n\t\t\t\t<div class=\"elementor-element elementor-element-08ba9ce elementor-widget elementor-widget-spacer\" data-id=\"08ba9ce\" data-element_type=\"widget\" data-widget_type=\"spacer.default\">\n\t\t\t\t<div class=\"elementor-widget-container\">\n\t\t\t\t\t\t\t<div class=\"elementor-spacer\">\n\t\t\t<div class=\"elementor-spacer-inner\"><\/div>\n\t\t<\/div>\n\t\t\t\t\t\t<\/div>\n\t\t\t\t<\/div>\n\t\t\t\t\t<\/div>\n\t\t\t\t<\/div>\n\t\t<div class=\"elementor-element elementor-element-6a6f9e8 e-flex e-con-boxed e-con e-parent\" data-id=\"6a6f9e8\" data-element_type=\"container\">\n\t\t\t\t\t<div class=\"e-con-inner\">\n\t\t\t\t<div class=\"elementor-element elementor-element-c3d73f5 elementor-widget elementor-widget-heading\" data-id=\"c3d73f5\" data-element_type=\"widget\" data-widget_type=\"heading.default\">\n\t\t\t\t<div class=\"elementor-widget-container\">\n\t\t\t\t\t<h2 class=\"elementor-heading-title elementor-size-default\">Confiez-nous l\u2019entretien de vos espaces verts<\/h2>\t\t\t\t<\/div>\n\t\t\t\t<\/div>\n\t\t\t\t\t<\/div>\n\t\t\t\t<\/div>\n\t\t<div class=\"elementor-element elementor-element-83df880 e-flex e-con-boxed e-con e-parent\" data-id=\"83df880\" data-element_type=\"container\">\n\t\t\t\t\t<div class=\"e-con-inner\">\n\t\t<div class=\"elementor-element elementor-element-117a81d e-con-full e-flex e-con e-child\" data-id=\"117a81d\" data-element_type=\"container\">\n\t\t\t\t<div class=\"elementor-element elementor-element-7f0b1d3 elementor-widget elementor-widget-image\" data-id=\"7f0b1d3\" data-element_type=\"widget\" data-widget_type=\"image.default\">\n\t\t\t\t<div class=\"elementor-widget-container\">\n\t\t\t\t\t\t\t\t\t\t\t\t<figure class=\"wp-caption\">\n\t\t\t\t\t\t\t\t\t\t<img decoding=\"async\" width=\"1200\" height=\"700\" src=\"https:\/\/julienroquette-servicis.fr\/wp-content\/uploads\/2025\/09\/Avant-3.webp\" class=\"attachment-ocean-thumb-l size-ocean-thumb-l wp-image-996\" alt=\"\" srcset=\"https:\/\/julienroquette-servicis.fr\/wp-content\/uploads\/2025\/09\/Avant-3.webp 1200w, https:\/\/julienroquette-servicis.fr\/wp-content\/uploads\/2025\/09\/Avant-3-300x175.webp 300w, https:\/\/julienroquette-servicis.fr\/wp-content\/uploads\/2025\/09\/Avant-3-1024x597.webp 1024w, https:\/\/julienroquette-servicis.fr\/wp-content\/uploads\/2025\/09\/Avant-3-768x448.webp 768w\" sizes=\"(max-width: 1200px) 100vw, 1200px\" \/>\t\t\t\t\t\t\t\t\t\t\t<figcaption class=\"widget-image-caption wp-caption-text\"><\/figcaption>\n\t\t\t\t\t\t\t\t\t\t<\/figure>\n\t\t\t\t\t\t\t\t\t<\/div>\n\t\t\t\t<\/div>\n\t\t\t\t<\/div>\n\t\t<div class=\"elementor-element elementor-element-8e737ff e-con-full e-flex e-con e-child\" data-id=\"8e737ff\" data-element_type=\"container\">\n\t\t\t\t<div class=\"elementor-element elementor-element-7e4e32b elementor-widget elementor-widget-text-editor\" data-id=\"7e4e32b\" data-element_type=\"widget\" data-widget_type=\"text-editor.default\">\n\t\t\t\t<div class=\"elementor-widget-container\">\n\t\t\t\t\t\t\t\t\t<h4>Notre expertise et savoir-faire<\/h4><ul class=\"list-style-two\"><li><b>Entretien:<\/b> <br \/>\u2013 Entretien des espaces communs et cours int\u00e9rieures<br \/>\u2013 Entretien des massifs et gazons<br \/>\u2013 Taille de haies et d&rsquo;arbustes<br \/>\u2013 Tonte de pelouse<br \/>\u2013 D\u00e9broussaillage et ramassage des feuilles<br \/>\u2013 Maintenance des all\u00e9es<\/li><li><b>Travaux de maintenance et r\u00e9habilitation:<\/b><br \/>\u2013 Abattage, d\u00e9montage, essouchage<br \/>\u2013 \u00c9lagage<br \/>\u2013 Fauchage<br \/>\u2013 D\u00e9broussaillage<br \/>\u2013 D\u00e9sherbage<br \/>\u2013 Broyage et \u00e9vacuation des d\u00e9chets<br \/>\u2013 Remises en \u00e9tat<br \/>\u2013 Restauration de berges<\/li><\/ul>\t\t\t\t\t\t\t\t<\/div>\n\t\t\t\t<\/div>\n\t\t\t\t<\/div>\n\t\t\t\t\t<\/div>\n\t\t\t\t<\/div>\n\t\t\t\t<\/div>\n\t\t","protected":false},"excerpt":{"rendered":"<p>Entretien Entreprise Servicis \u00e0 votre service R\u00e9gies, copropri\u00e9t\u00e9s, entreprises ou collectivit\u00e9s ? Confiez-nous l\u2019entretien de vos espaces verts et soyez assur\u00e9s d\u2019un travail bien fait et d\u2019un rendu esth\u00e9tique de qualit\u00e9.Prestataire au service de nombreux immeubles, nous assurons d\u00e9j\u00e0 plus de 50 contrats d&rsquo;entretien avec rigueur et professionnalisme. Choisissez, vous aussi, la s\u00e9r\u00e9nit\u00e9 en faisant [&hellip;]<\/p>\n","protected":false},"author":1,"featured_media":0,"parent":0,"menu_order":0,"comment_status":"closed","ping_status":"closed","template":"","meta":{"footnotes":""},"class_list":["post-262","page","type-page","status-publish","hentry","entry"],"yoast_head":"<!-- This site is optimized with the Yoast SEO plugin v26.8 - https:\/\/yoast.com\/product\/yoast-seo-wordpress\/ -->\n<title>Entretien - Servicis<\/title>\n<meta name=\"description\" content=\"R\u00e9gies, copropri\u00e9t\u00e9s, entreprises ou collectivit\u00e9s ? Confiez-nous l\u2019entretien de vos espaces verts et soyez assur\u00e9s d\u2019un travail bien fait.\" \/>\n<meta name=\"robots\" content=\"index, follow, max-snippet:-1, max-image-preview:large, max-video-preview:-1\" \/>\n<link rel=\"canonical\" href=\"https:\/\/julienroquette-servicis.fr\/index.php\/entretien-parcs-et-jardins\/\" \/>\n<meta property=\"og:locale\" content=\"fr_FR\" \/>\n<meta property=\"og:type\" content=\"article\" \/>\n<meta property=\"og:title\" content=\"Entretien - Servicis\" \/>\n<meta property=\"og:description\" content=\"R\u00e9gies, copropri\u00e9t\u00e9s, entreprises ou collectivit\u00e9s ? Confiez-nous l\u2019entretien de vos espaces verts et soyez assur\u00e9s d\u2019un travail bien fait.\" \/>\n<meta property=\"og:url\" content=\"https:\/\/julienroquette-servicis.fr\/index.php\/entretien-parcs-et-jardins\/\" \/>\n<meta property=\"og:site_name\" content=\"Servicis\" \/>\n<meta property=\"article:modified_time\" content=\"2025-09-08T09:13:33+00:00\" \/>\n<meta property=\"og:image\" content=\"https:\/\/julienroquette-servicis.fr\/wp-content\/uploads\/2025\/09\/Avant-2.webp\" \/>\n\t<meta property=\"og:image:width\" content=\"1200\" \/>\n\t<meta property=\"og:image:height\" content=\"700\" \/>\n\t<meta property=\"og:image:type\" content=\"image\/webp\" \/>\n<meta name=\"twitter:card\" content=\"summary_large_image\" \/>\n<meta name=\"twitter:label1\" content=\"Dur\u00e9e de lecture estim\u00e9e\" \/>\n\t<meta name=\"twitter:data1\" content=\"2 minutes\" \/>\n<script type=\"application\/ld+json\" class=\"yoast-schema-graph\">{\"@context\":\"https:\/\/schema.org\",\"@graph\":[{\"@type\":\"WebPage\",\"@id\":\"https:\/\/julienroquette-servicis.fr\/index.php\/entretien-parcs-et-jardins\/\",\"url\":\"https:\/\/julienroquette-servicis.fr\/index.php\/entretien-parcs-et-jardins\/\",\"name\":\"Entretien - Servicis\",\"isPartOf\":{\"@id\":\"https:\/\/julienroquette-servicis.fr\/#website\"},\"primaryImageOfPage\":{\"@id\":\"https:\/\/julienroquette-servicis.fr\/index.php\/entretien-parcs-et-jardins\/#primaryimage\"},\"image\":{\"@id\":\"https:\/\/julienroquette-servicis.fr\/index.php\/entretien-parcs-et-jardins\/#primaryimage\"},\"thumbnailUrl\":\"http:\/\/julienroquette-servicis.fr\/wp-content\/uploads\/2025\/09\/Avant-2-1024x597.webp\",\"datePublished\":\"2024-06-29T14:36:40+00:00\",\"dateModified\":\"2025-09-08T09:13:33+00:00\",\"description\":\"R\u00e9gies, copropri\u00e9t\u00e9s, entreprises ou collectivit\u00e9s ? Confiez-nous l\u2019entretien de vos espaces verts et soyez assur\u00e9s d\u2019un travail bien fait.\",\"breadcrumb\":{\"@id\":\"https:\/\/julienroquette-servicis.fr\/index.php\/entretien-parcs-et-jardins\/#breadcrumb\"},\"inLanguage\":\"fr-FR\",\"potentialAction\":[{\"@type\":\"ReadAction\",\"target\":[\"https:\/\/julienroquette-servicis.fr\/index.php\/entretien-parcs-et-jardins\/\"]}]},{\"@type\":\"ImageObject\",\"inLanguage\":\"fr-FR\",\"@id\":\"https:\/\/julienroquette-servicis.fr\/index.php\/entretien-parcs-et-jardins\/#primaryimage\",\"url\":\"https:\/\/julienroquette-servicis.fr\/wp-content\/uploads\/2025\/09\/Avant-2.webp\",\"contentUrl\":\"https:\/\/julienroquette-servicis.fr\/wp-content\/uploads\/2025\/09\/Avant-2.webp\",\"width\":1200,\"height\":700},{\"@type\":\"BreadcrumbList\",\"@id\":\"https:\/\/julienroquette-servicis.fr\/index.php\/entretien-parcs-et-jardins\/#breadcrumb\",\"itemListElement\":[{\"@type\":\"ListItem\",\"position\":1,\"name\":\"Accueil\",\"item\":\"https:\/\/julienroquette-servicis.fr\/\"},{\"@type\":\"ListItem\",\"position\":2,\"name\":\"Entretien\"}]},{\"@type\":\"WebSite\",\"@id\":\"https:\/\/julienroquette-servicis.fr\/#website\",\"url\":\"https:\/\/julienroquette-servicis.fr\/\",\"name\":\"Servicis\",\"description\":\"\",\"publisher\":{\"@id\":\"https:\/\/julienroquette-servicis.fr\/#organization\"},\"potentialAction\":[{\"@type\":\"SearchAction\",\"target\":{\"@type\":\"EntryPoint\",\"urlTemplate\":\"https:\/\/julienroquette-servicis.fr\/?s={search_term_string}\"},\"query-input\":{\"@type\":\"PropertyValueSpecification\",\"valueRequired\":true,\"valueName\":\"search_term_string\"}}],\"inLanguage\":\"fr-FR\"},{\"@type\":\"Organization\",\"@id\":\"https:\/\/julienroquette-servicis.fr\/#organization\",\"name\":\"Servicis\",\"url\":\"https:\/\/julienroquette-servicis.fr\/\",\"logo\":{\"@type\":\"ImageObject\",\"inLanguage\":\"fr-FR\",\"@id\":\"https:\/\/julienroquette-servicis.fr\/#\/schema\/logo\/image\/\",\"url\":\"https:\/\/julienroquette-servicis.fr\/wp-content\/uploads\/2024\/06\/Servicis.png\",\"contentUrl\":\"https:\/\/julienroquette-servicis.fr\/wp-content\/uploads\/2024\/06\/Servicis.png\",\"width\":500,\"height\":500,\"caption\":\"Servicis\"},\"image\":{\"@id\":\"https:\/\/julienroquette-servicis.fr\/#\/schema\/logo\/image\/\"}}]}<\/script>\n<!-- \/ Yoast SEO plugin. -->","yoast_head_json":{"title":"Entretien - Servicis","description":"R\u00e9gies, copropri\u00e9t\u00e9s, entreprises ou collectivit\u00e9s ? Confiez-nous l\u2019entretien de vos espaces verts et soyez assur\u00e9s d\u2019un travail bien fait.","robots":{"index":"index","follow":"follow","max-snippet":"max-snippet:-1","max-image-preview":"max-image-preview:large","max-video-preview":"max-video-preview:-1"},"canonical":"https:\/\/julienroquette-servicis.fr\/index.php\/entretien-parcs-et-jardins\/","og_locale":"fr_FR","og_type":"article","og_title":"Entretien - Servicis","og_description":"R\u00e9gies, copropri\u00e9t\u00e9s, entreprises ou collectivit\u00e9s ? Confiez-nous l\u2019entretien de vos espaces verts et soyez assur\u00e9s d\u2019un travail bien fait.","og_url":"https:\/\/julienroquette-servicis.fr\/index.php\/entretien-parcs-et-jardins\/","og_site_name":"Servicis","article_modified_time":"2025-09-08T09:13:33+00:00","og_image":[{"width":1200,"height":700,"url":"https:\/\/julienroquette-servicis.fr\/wp-content\/uploads\/2025\/09\/Avant-2.webp","type":"image\/webp"}],"twitter_card":"summary_large_image","twitter_misc":{"Dur\u00e9e de lecture estim\u00e9e":"2 minutes"},"schema":{"@context":"https:\/\/schema.org","@graph":[{"@type":"WebPage","@id":"https:\/\/julienroquette-servicis.fr\/index.php\/entretien-parcs-et-jardins\/","url":"https:\/\/julienroquette-servicis.fr\/index.php\/entretien-parcs-et-jardins\/","name":"Entretien - Servicis","isPartOf":{"@id":"https:\/\/julienroquette-servicis.fr\/#website"},"primaryImageOfPage":{"@id":"https:\/\/julienroquette-servicis.fr\/index.php\/entretien-parcs-et-jardins\/#primaryimage"},"image":{"@id":"https:\/\/julienroquette-servicis.fr\/index.php\/entretien-parcs-et-jardins\/#primaryimage"},"thumbnailUrl":"http:\/\/julienroquette-servicis.fr\/wp-content\/uploads\/2025\/09\/Avant-2-1024x597.webp","datePublished":"2024-06-29T14:36:40+00:00","dateModified":"2025-09-08T09:13:33+00:00","description":"R\u00e9gies, copropri\u00e9t\u00e9s, entreprises ou collectivit\u00e9s ? Confiez-nous l\u2019entretien de vos espaces verts et soyez assur\u00e9s d\u2019un travail bien fait.","breadcrumb":{"@id":"https:\/\/julienroquette-servicis.fr\/index.php\/entretien-parcs-et-jardins\/#breadcrumb"},"inLanguage":"fr-FR","potentialAction":[{"@type":"ReadAction","target":["https:\/\/julienroquette-servicis.fr\/index.php\/entretien-parcs-et-jardins\/"]}]},{"@type":"ImageObject","inLanguage":"fr-FR","@id":"https:\/\/julienroquette-servicis.fr\/index.php\/entretien-parcs-et-jardins\/#primaryimage","url":"https:\/\/julienroquette-servicis.fr\/wp-content\/uploads\/2025\/09\/Avant-2.webp","contentUrl":"https:\/\/julienroquette-servicis.fr\/wp-content\/uploads\/2025\/09\/Avant-2.webp","width":1200,"height":700},{"@type":"BreadcrumbList","@id":"https:\/\/julienroquette-servicis.fr\/index.php\/entretien-parcs-et-jardins\/#breadcrumb","itemListElement":[{"@type":"ListItem","position":1,"name":"Accueil","item":"https:\/\/julienroquette-servicis.fr\/"},{"@type":"ListItem","position":2,"name":"Entretien"}]},{"@type":"WebSite","@id":"https:\/\/julienroquette-servicis.fr\/#website","url":"https:\/\/julienroquette-servicis.fr\/","name":"Servicis","description":"","publisher":{"@id":"https:\/\/julienroquette-servicis.fr\/#organization"},"potentialAction":[{"@type":"SearchAction","target":{"@type":"EntryPoint","urlTemplate":"https:\/\/julienroquette-servicis.fr\/?s={search_term_string}"},"query-input":{"@type":"PropertyValueSpecification","valueRequired":true,"valueName":"search_term_string"}}],"inLanguage":"fr-FR"},{"@type":"Organization","@id":"https:\/\/julienroquette-servicis.fr\/#organization","name":"Servicis","url":"https:\/\/julienroquette-servicis.fr\/","logo":{"@type":"ImageObject","inLanguage":"fr-FR","@id":"https:\/\/julienroquette-servicis.fr\/#\/schema\/logo\/image\/","url":"https:\/\/julienroquette-servicis.fr\/wp-content\/uploads\/2024\/06\/Servicis.png","contentUrl":"https:\/\/julienroquette-servicis.fr\/wp-content\/uploads\/2024\/06\/Servicis.png","width":500,"height":500,"caption":"Servicis"},"image":{"@id":"https:\/\/julienroquette-servicis.fr\/#\/schema\/logo\/image\/"}}]}},"_links":{"self":[{"href":"https:\/\/julienroquette-servicis.fr\/index.php\/wp-json\/wp\/v2\/pages\/262","targetHints":{"allow":["GET"]}}],"collection":[{"href":"https:\/\/julienroquette-servicis.fr\/index.php\/wp-json\/wp\/v2\/pages"}],"about":[{"href":"https:\/\/julienroquette-servicis.fr\/index.php\/wp-json\/wp\/v2\/types\/page"}],"author":[{"embeddable":true,"href":"https:\/\/julienroquette-servicis.fr\/index.php\/wp-json\/wp\/v2\/users\/1"}],"replies":[{"embeddable":true,"href":"https:\/\/julienroquette-servicis.fr\/index.php\/wp-json\/wp\/v2\/comments?post=262"}],"version-history":[{"count":46,"href":"https:\/\/julienroquette-servicis.fr\/index.php\/wp-json\/wp\/v2\/pages\/262\/revisions"}],"predecessor-version":[{"id":1174,"href":"https:\/\/julienroquette-servicis.fr\/index.php\/wp-json\/wp\/v2\/pages\/262\/revisions\/1174"}],"wp:attachment":[{"href":"https:\/\/julienroquette-servicis.fr\/index.php\/wp-json\/wp\/v2\/media?parent=262"}],"curies":[{"name":"wp","href":"https:\/\/api.w.org\/{rel}","templated":true}]}}