{"id":1232,"date":"2025-10-17T15:04:54","date_gmt":"2025-10-17T13:04:54","guid":{"rendered":"https:\/\/julienroquette-servicis.fr\/?page_id=1232"},"modified":"2025-10-17T15:37:43","modified_gmt":"2025-10-17T13:37:43","slug":"amenagement-dev","status":"publish","type":"page","link":"https:\/\/julienroquette-servicis.fr\/index.php\/amenagement-dev\/","title":{"rendered":"Am\u00e9nagement dev"},"content":{"rendered":"\t\t<div data-elementor-type=\"wp-page\" data-elementor-id=\"1232\" class=\"elementor elementor-1232\" data-elementor-post-type=\"page\">\n\t\t\t\t<div class=\"elementor-element elementor-element-3a687d2 e-con-full e-flex e-con e-parent\" data-id=\"3a687d2\" data-element_type=\"container\" data-settings=\"{&quot;background_background&quot;:&quot;classic&quot;}\">\n\t\t\t\t<div class=\"elementor-element elementor-element-f0ffc4b elementor-widget elementor-widget-heading\" data-id=\"f0ffc4b\" data-element_type=\"widget\" data-widget_type=\"heading.default\">\n\t\t\t\t<div class=\"elementor-widget-container\">\n\t\t\t\t\t<h2 class=\"elementor-heading-title elementor-size-default\">Am\u00e9nagement<\/h2>\t\t\t\t<\/div>\n\t\t\t\t<\/div>\n\t\t\t\t<\/div>\n\t\t<div class=\"elementor-element elementor-element-3d55d64 e-flex e-con-boxed e-con e-parent\" data-id=\"3d55d64\" data-element_type=\"container\">\n\t\t\t\t\t<div class=\"e-con-inner\">\n\t\t\t\t<div class=\"elementor-element elementor-element-c15ec8f elementor-widget elementor-widget-spacer\" data-id=\"c15ec8f\" data-element_type=\"widget\" data-widget_type=\"spacer.default\">\n\t\t\t\t<div class=\"elementor-widget-container\">\n\t\t\t\t\t\t\t<div class=\"elementor-spacer\">\n\t\t\t<div class=\"elementor-spacer-inner\"><\/div>\n\t\t<\/div>\n\t\t\t\t\t\t<\/div>\n\t\t\t\t<\/div>\n\t\t<div class=\"elementor-element elementor-element-3c450a2 e-con-full e-flex e-con e-child\" data-id=\"3c450a2\" data-element_type=\"container\">\n\t\t\t\t<div class=\"elementor-element elementor-element-3b3b003 elementor-widget elementor-widget-heading\" data-id=\"3b3b003\" data-element_type=\"widget\" data-widget_type=\"heading.default\">\n\t\t\t\t<div class=\"elementor-widget-container\">\n\t\t\t\t\t<h2 class=\"elementor-heading-title elementor-size-default\">Servicis, expert de l'amm\u00e9nagement paysager<\/h2>\t\t\t\t<\/div>\n\t\t\t\t<\/div>\n\t\t\t\t<div class=\"elementor-element elementor-element-ca2e9d7 elementor-widget elementor-widget-text-editor\" data-id=\"ca2e9d7\" data-element_type=\"widget\" data-widget_type=\"text-editor.default\">\n\t\t\t\t<div class=\"elementor-widget-container\">\n\t\t\t\t\t\t\t\t\t<p>Nos 15 ans d\u2019exp\u00e9rience et notre savoir-faire nous permettent d\u2019intervenir sur le Cantal et nord Aveyron dans tous les projets d\u2019am\u00e9nagement d\u2019espaces priv\u00e9s ou publics. Notre \u00e9quipe de paysagistes vous accompagne de la d\u00e9finition \u00e0 la r\u00e9alisation de votre projet d\u2019am\u00e9nagement paysager. Nous tenons compte des contraintes de votre espace et de vos exigences pour r\u00e9aliser votre projet.<\/p>\t\t\t\t\t\t\t\t<\/div>\n\t\t\t\t<\/div>\n\t\t\t\t<\/div>\n\t\t\t\t\t<\/div>\n\t\t\t\t<\/div>\n\t\t<div class=\"elementor-element elementor-element-b1e520c e-flex e-con-boxed e-con e-parent\" data-id=\"b1e520c\" data-element_type=\"container\">\n\t\t\t\t\t<div class=\"e-con-inner\">\n\t\t<div class=\"elementor-element elementor-element-074e8c7 e-con-full e-flex e-con e-child\" data-id=\"074e8c7\" data-element_type=\"container\">\n\t\t\t\t<div class=\"elementor-element elementor-element-6c1c87e elementor-widget elementor-widget-heading\" data-id=\"6c1c87e\" data-element_type=\"widget\" data-widget_type=\"heading.default\">\n\t\t\t\t<div class=\"elementor-widget-container\">\n\t\t\t\t\t<h2 class=\"elementor-heading-title elementor-size-default\">Des jardins et espaces verts sur mesure dans le Cantal<\/h2>\t\t\t\t<\/div>\n\t\t\t\t<\/div>\n\t\t\t\t<div class=\"elementor-element elementor-element-ee9ed29 elementor-widget elementor-widget-text-editor\" data-id=\"ee9ed29\" data-element_type=\"widget\" data-widget_type=\"text-editor.default\">\n\t\t\t\t<div class=\"elementor-widget-container\">\n\t\t\t\t\t\t\t\t\t<p>Chaque projet d\u2019am\u00e9nagement est personnalis\u00e9 pour correspondre au mieux \u00e0 vos attentes. Nous veillons \u00e0 ce qu\u2019il soit parfaitement adapt\u00e9 au type de sol, \u00e0 l\u2019ensoleillement, \u00e0 vos d\u00e9sirs et besoins sp\u00e9cifiques mais aussi \u00e0 l\u2019utilisation qui sera faite de l\u2019espace. Votre satisfaction est au c\u0153ur de notre d\u00e9marche et nous vous garantissons r\u00e9activit\u00e9, flexibilit\u00e9 et respect des \u00e9ch\u00e9anciers gr\u00e2ce \u00e0 la polyvalence de nos jardiniers paysagistes.<\/p><h4>Des jardiniers paysagistes au service du vivant<\/h4><p>Soucieux de ce qui nous entoure, nous sommes form\u00e9s aux techniques respectueuses de l\u2019environnement et des v\u00e9g\u00e9taux. Notre conception du jardin est ax\u00e9e autour de la biodiversit\u00e9 et du renouveau. Parce que notre charte \u00e9thique concerne aussi la satisfaction de nos clients, nos chantiers sont toujours soign\u00e9s. Nous tenons les lieux propres et s\u00e9curis\u00e9s, respectons votre entourage et votre voisinage.<\/p>\t\t\t\t\t\t\t\t<\/div>\n\t\t\t\t<\/div>\n\t\t\t\t<\/div>\n\t\t<div class=\"elementor-element elementor-element-eb0408b e-con-full e-flex e-con e-child\" data-id=\"eb0408b\" data-element_type=\"container\">\n\t\t\t\t<div class=\"elementor-element elementor-element-f0dd904 elementor-widget elementor-widget-image\" data-id=\"f0dd904\" data-element_type=\"widget\" data-widget_type=\"image.default\">\n\t\t\t\t<div class=\"elementor-widget-container\">\n\t\t\t\t\t\t\t\t\t\t\t\t\t\t\t<img fetchpriority=\"high\" decoding=\"async\" width=\"1200\" height=\"700\" src=\"https:\/\/julienroquette-servicis.fr\/wp-content\/uploads\/2025\/09\/Avant-4.webp\" class=\"attachment-full size-full wp-image-1001\" alt=\"\" srcset=\"https:\/\/julienroquette-servicis.fr\/wp-content\/uploads\/2025\/09\/Avant-4.webp 1200w, https:\/\/julienroquette-servicis.fr\/wp-content\/uploads\/2025\/09\/Avant-4-300x175.webp 300w, https:\/\/julienroquette-servicis.fr\/wp-content\/uploads\/2025\/09\/Avant-4-1024x597.webp 1024w, https:\/\/julienroquette-servicis.fr\/wp-content\/uploads\/2025\/09\/Avant-4-768x448.webp 768w\" sizes=\"(max-width: 1200px) 100vw, 1200px\" \/>\t\t\t\t\t\t\t\t\t\t\t\t\t\t\t<\/div>\n\t\t\t\t<\/div>\n\t\t\t\t<div class=\"elementor-element elementor-element-110067c elementor-widget elementor-widget-spacer\" data-id=\"110067c\" data-element_type=\"widget\" data-widget_type=\"spacer.default\">\n\t\t\t\t<div class=\"elementor-widget-container\">\n\t\t\t\t\t\t\t<div class=\"elementor-spacer\">\n\t\t\t<div class=\"elementor-spacer-inner\"><\/div>\n\t\t<\/div>\n\t\t\t\t\t\t<\/div>\n\t\t\t\t<\/div>\n\t\t\t\t<\/div>\n\t\t\t\t\t<\/div>\n\t\t\t\t<\/div>\n\t\t<div class=\"elementor-element elementor-element-48f0058 e-flex e-con-boxed e-con e-parent\" data-id=\"48f0058\" data-element_type=\"container\">\n\t\t\t\t\t<div class=\"e-con-inner\">\n\t\t<div class=\"elementor-element elementor-element-9a3866f e-con-full e-flex e-con e-child\" data-id=\"9a3866f\" data-element_type=\"container\">\n\t\t\t\t<div class=\"elementor-element elementor-element-792265d elementor-widget elementor-widget-image\" data-id=\"792265d\" data-element_type=\"widget\" data-widget_type=\"image.default\">\n\t\t\t\t<div class=\"elementor-widget-container\">\n\t\t\t\t\t\t\t\t\t\t\t\t\t\t\t<img decoding=\"async\" width=\"1200\" height=\"700\" src=\"https:\/\/julienroquette-servicis.fr\/wp-content\/uploads\/2025\/09\/Avant-5.webp\" class=\"attachment-full size-full wp-image-1002\" alt=\"\" srcset=\"https:\/\/julienroquette-servicis.fr\/wp-content\/uploads\/2025\/09\/Avant-5.webp 1200w, https:\/\/julienroquette-servicis.fr\/wp-content\/uploads\/2025\/09\/Avant-5-300x175.webp 300w, https:\/\/julienroquette-servicis.fr\/wp-content\/uploads\/2025\/09\/Avant-5-1024x597.png 1024w, https:\/\/julienroquette-servicis.fr\/wp-content\/uploads\/2025\/09\/Avant-5-768x448.png 768w\" sizes=\"(max-width: 1200px) 100vw, 1200px\" \/>\t\t\t\t\t\t\t\t\t\t\t\t\t\t\t<\/div>\n\t\t\t\t<\/div>\n\t\t\t\t<\/div>\n\t\t<div class=\"elementor-element elementor-element-e416226 e-con-full e-flex e-con e-child\" data-id=\"e416226\" data-element_type=\"container\">\n\t\t\t\t<div class=\"elementor-element elementor-element-207c46f elementor-widget elementor-widget-heading\" data-id=\"207c46f\" data-element_type=\"widget\" data-widget_type=\"heading.default\">\n\t\t\t\t<div class=\"elementor-widget-container\">\n\t\t\t\t\t<h2 class=\"elementor-heading-title elementor-size-default\">Confiez-nous l\u2019am\u00e9nagement de vos espaces verts<\/h2>\t\t\t\t<\/div>\n\t\t\t\t<\/div>\n\t\t\t\t<div class=\"elementor-element elementor-element-07ba291 elementor-widget elementor-widget-text-editor\" data-id=\"07ba291\" data-element_type=\"widget\" data-widget_type=\"text-editor.default\">\n\t\t\t\t<div class=\"elementor-widget-container\">\n\t\t\t\t\t\t\t\t\t<h4>Nos prestations et savoir-faire :<\/h4><ul class=\"list-style-two\"><li><b>Conception et am\u00e9nagement\u00a0:<\/b><br \/>\u2013 Recommandations d\u2019agencement<br \/>\u2013 Engazonnement<br \/>\u2013 Implantation de massifs et arbustes<br \/>\u2013 Plantations<br \/>\u2013 Cr\u00e9ation de massifs, pelouses et gazons<br \/>\u2013 Fleurissement<br \/>\u2013 Mise en place de syst\u00e8mes d\u2019arrosage automatique<br \/>\u2013 Pose de dallage et de cl\u00f4ture<br \/>\u2013 Installation de mobilier d\u2019agr\u00e9ment<br \/>\u2013 Am\u00e9nagement et v\u00e9g\u00e9talisation des all\u00e9es et entr\u00e9es<\/li><li><b>Terrasses ou balcons\u00a0:<\/b><br \/>\u2013 Cr\u00e9ation et agencement de terrasse ou balcon v\u00e9g\u00e9talis\u00e9<br \/>\u2013 Mise en place de l\u2019arrosage<br \/>\u2013 Fourniture et installation des \u00e9l\u00e9ments d\u2019agr\u00e9ment et d\u2019ornement (pots, jardini\u00e8res, v\u00e9g\u00e9taux)<\/li><li><b>Paysagisme d\u2019int\u00e9rieur\u00a0:<\/b><br \/>\u2013 Patios<br \/>\u2013 Jardin int\u00e9rieurs<br \/>\u2013 Halls v\u00e9g\u00e9talis\u00e9s<\/li><\/ul>\t\t\t\t\t\t\t\t<\/div>\n\t\t\t\t<\/div>\n\t\t\t\t<\/div>\n\t\t\t\t\t<\/div>\n\t\t\t\t<\/div>\n\t\t<div class=\"elementor-element elementor-element-efa7f22 e-flex e-con-boxed e-con e-parent\" data-id=\"efa7f22\" data-element_type=\"container\">\n\t\t\t\t\t<div class=\"e-con-inner\">\n\t\t\t\t<div class=\"elementor-element elementor-element-1e75fde elementor-align-center elementor-widget elementor-widget-button\" data-id=\"1e75fde\" data-element_type=\"widget\" data-widget_type=\"button.default\">\n\t\t\t\t<div class=\"elementor-widget-container\">\n\t\t\t\t\t\t\t\t\t<div class=\"elementor-button-wrapper\">\n\t\t\t\t\t<a class=\"elementor-button elementor-button-link elementor-size-sm\" href=\"\">\n\t\t\t\t\t\t<span class=\"elementor-button-content-wrapper\">\n\t\t\t\t\t\t\t\t\t<span class=\"elementor-button-text\">Demander un devis gratuit<\/span>\n\t\t\t\t\t<\/span>\n\t\t\t\t\t<\/a>\n\t\t\t\t<\/div>\n\t\t\t\t\t\t\t\t<\/div>\n\t\t\t\t<\/div>\n\t\t\t\t\t<\/div>\n\t\t\t\t<\/div>\n\t\t\t\t<\/div>\n\t\t","protected":false},"excerpt":{"rendered":"<p>Am\u00e9nagement Servicis, expert de l&rsquo;amm\u00e9nagement paysager Nos 15 ans d\u2019exp\u00e9rience et notre savoir-faire nous permettent d\u2019intervenir sur le Cantal et nord Aveyron dans tous les projets d\u2019am\u00e9nagement d\u2019espaces priv\u00e9s ou publics. Notre \u00e9quipe de paysagistes vous accompagne de la d\u00e9finition \u00e0 la r\u00e9alisation de votre projet d\u2019am\u00e9nagement paysager. Nous tenons compte des contraintes de votre [&hellip;]<\/p>\n","protected":false},"author":1,"featured_media":0,"parent":0,"menu_order":0,"comment_status":"closed","ping_status":"closed","template":"elementor_header_footer","meta":{"footnotes":""},"class_list":["post-1232","page","type-page","status-publish","hentry","entry"],"yoast_head":"<!-- This site is optimized with the Yoast SEO plugin v26.8 - https:\/\/yoast.com\/product\/yoast-seo-wordpress\/ -->\n<title>Am\u00e9nagement dev - Servicis<\/title>\n<meta name=\"robots\" content=\"index, follow, max-snippet:-1, max-image-preview:large, max-video-preview:-1\" \/>\n<link rel=\"canonical\" href=\"https:\/\/julienroquette-servicis.fr\/index.php\/amenagement-dev\/\" \/>\n<meta property=\"og:locale\" content=\"fr_FR\" \/>\n<meta property=\"og:type\" content=\"article\" \/>\n<meta property=\"og:title\" content=\"Am\u00e9nagement dev - Servicis\" \/>\n<meta property=\"og:description\" content=\"Am\u00e9nagement Servicis, expert de l&rsquo;amm\u00e9nagement paysager Nos 15 ans d\u2019exp\u00e9rience et notre savoir-faire nous permettent d\u2019intervenir sur le Cantal et nord Aveyron dans tous les projets d\u2019am\u00e9nagement d\u2019espaces priv\u00e9s ou publics. Notre \u00e9quipe de paysagistes vous accompagne de la d\u00e9finition \u00e0 la r\u00e9alisation de votre projet d\u2019am\u00e9nagement paysager. Nous tenons compte des contraintes de votre [&hellip;]\" \/>\n<meta property=\"og:url\" content=\"https:\/\/julienroquette-servicis.fr\/index.php\/amenagement-dev\/\" \/>\n<meta property=\"og:site_name\" content=\"Servicis\" \/>\n<meta property=\"article:modified_time\" content=\"2025-10-17T13:37:43+00:00\" \/>\n<meta property=\"og:image\" content=\"http:\/\/julienroquette-servicis.fr\/wp-content\/uploads\/2025\/09\/Avant-4.webp\" \/>\n<meta name=\"twitter:card\" content=\"summary_large_image\" \/>\n<meta name=\"twitter:label1\" content=\"Dur\u00e9e de lecture estim\u00e9e\" \/>\n\t<meta name=\"twitter:data1\" content=\"2 minutes\" \/>\n<script type=\"application\/ld+json\" class=\"yoast-schema-graph\">{\"@context\":\"https:\/\/schema.org\",\"@graph\":[{\"@type\":\"WebPage\",\"@id\":\"https:\/\/julienroquette-servicis.fr\/index.php\/amenagement-dev\/\",\"url\":\"https:\/\/julienroquette-servicis.fr\/index.php\/amenagement-dev\/\",\"name\":\"Am\u00e9nagement dev - Servicis\",\"isPartOf\":{\"@id\":\"https:\/\/julienroquette-servicis.fr\/#website\"},\"primaryImageOfPage\":{\"@id\":\"https:\/\/julienroquette-servicis.fr\/index.php\/amenagement-dev\/#primaryimage\"},\"image\":{\"@id\":\"https:\/\/julienroquette-servicis.fr\/index.php\/amenagement-dev\/#primaryimage\"},\"thumbnailUrl\":\"http:\/\/julienroquette-servicis.fr\/wp-content\/uploads\/2025\/09\/Avant-4.webp\",\"datePublished\":\"2025-10-17T13:04:54+00:00\",\"dateModified\":\"2025-10-17T13:37:43+00:00\",\"breadcrumb\":{\"@id\":\"https:\/\/julienroquette-servicis.fr\/index.php\/amenagement-dev\/#breadcrumb\"},\"inLanguage\":\"fr-FR\",\"potentialAction\":[{\"@type\":\"ReadAction\",\"target\":[\"https:\/\/julienroquette-servicis.fr\/index.php\/amenagement-dev\/\"]}]},{\"@type\":\"ImageObject\",\"inLanguage\":\"fr-FR\",\"@id\":\"https:\/\/julienroquette-servicis.fr\/index.php\/amenagement-dev\/#primaryimage\",\"url\":\"https:\/\/julienroquette-servicis.fr\/wp-content\/uploads\/2025\/09\/Avant-4.webp\",\"contentUrl\":\"https:\/\/julienroquette-servicis.fr\/wp-content\/uploads\/2025\/09\/Avant-4.webp\",\"width\":1200,\"height\":700},{\"@type\":\"BreadcrumbList\",\"@id\":\"https:\/\/julienroquette-servicis.fr\/index.php\/amenagement-dev\/#breadcrumb\",\"itemListElement\":[{\"@type\":\"ListItem\",\"position\":1,\"name\":\"Accueil\",\"item\":\"https:\/\/julienroquette-servicis.fr\/\"},{\"@type\":\"ListItem\",\"position\":2,\"name\":\"Am\u00e9nagement dev\"}]},{\"@type\":\"WebSite\",\"@id\":\"https:\/\/julienroquette-servicis.fr\/#website\",\"url\":\"https:\/\/julienroquette-servicis.fr\/\",\"name\":\"Servicis\",\"description\":\"\",\"publisher\":{\"@id\":\"https:\/\/julienroquette-servicis.fr\/#organization\"},\"potentialAction\":[{\"@type\":\"SearchAction\",\"target\":{\"@type\":\"EntryPoint\",\"urlTemplate\":\"https:\/\/julienroquette-servicis.fr\/?s={search_term_string}\"},\"query-input\":{\"@type\":\"PropertyValueSpecification\",\"valueRequired\":true,\"valueName\":\"search_term_string\"}}],\"inLanguage\":\"fr-FR\"},{\"@type\":\"Organization\",\"@id\":\"https:\/\/julienroquette-servicis.fr\/#organization\",\"name\":\"Servicis\",\"url\":\"https:\/\/julienroquette-servicis.fr\/\",\"logo\":{\"@type\":\"ImageObject\",\"inLanguage\":\"fr-FR\",\"@id\":\"https:\/\/julienroquette-servicis.fr\/#\/schema\/logo\/image\/\",\"url\":\"https:\/\/julienroquette-servicis.fr\/wp-content\/uploads\/2024\/06\/Servicis.png\",\"contentUrl\":\"https:\/\/julienroquette-servicis.fr\/wp-content\/uploads\/2024\/06\/Servicis.png\",\"width\":500,\"height\":500,\"caption\":\"Servicis\"},\"image\":{\"@id\":\"https:\/\/julienroquette-servicis.fr\/#\/schema\/logo\/image\/\"}}]}<\/script>\n<!-- \/ Yoast SEO plugin. -->","yoast_head_json":{"title":"Am\u00e9nagement dev - Servicis","robots":{"index":"index","follow":"follow","max-snippet":"max-snippet:-1","max-image-preview":"max-image-preview:large","max-video-preview":"max-video-preview:-1"},"canonical":"https:\/\/julienroquette-servicis.fr\/index.php\/amenagement-dev\/","og_locale":"fr_FR","og_type":"article","og_title":"Am\u00e9nagement dev - Servicis","og_description":"Am\u00e9nagement Servicis, expert de l&rsquo;amm\u00e9nagement paysager Nos 15 ans d\u2019exp\u00e9rience et notre savoir-faire nous permettent d\u2019intervenir sur le Cantal et nord Aveyron dans tous les projets d\u2019am\u00e9nagement d\u2019espaces priv\u00e9s ou publics. Notre \u00e9quipe de paysagistes vous accompagne de la d\u00e9finition \u00e0 la r\u00e9alisation de votre projet d\u2019am\u00e9nagement paysager. Nous tenons compte des contraintes de votre [&hellip;]","og_url":"https:\/\/julienroquette-servicis.fr\/index.php\/amenagement-dev\/","og_site_name":"Servicis","article_modified_time":"2025-10-17T13:37:43+00:00","og_image":[{"url":"http:\/\/julienroquette-servicis.fr\/wp-content\/uploads\/2025\/09\/Avant-4.webp","type":"","width":"","height":""}],"twitter_card":"summary_large_image","twitter_misc":{"Dur\u00e9e de lecture estim\u00e9e":"2 minutes"},"schema":{"@context":"https:\/\/schema.org","@graph":[{"@type":"WebPage","@id":"https:\/\/julienroquette-servicis.fr\/index.php\/amenagement-dev\/","url":"https:\/\/julienroquette-servicis.fr\/index.php\/amenagement-dev\/","name":"Am\u00e9nagement dev - Servicis","isPartOf":{"@id":"https:\/\/julienroquette-servicis.fr\/#website"},"primaryImageOfPage":{"@id":"https:\/\/julienroquette-servicis.fr\/index.php\/amenagement-dev\/#primaryimage"},"image":{"@id":"https:\/\/julienroquette-servicis.fr\/index.php\/amenagement-dev\/#primaryimage"},"thumbnailUrl":"http:\/\/julienroquette-servicis.fr\/wp-content\/uploads\/2025\/09\/Avant-4.webp","datePublished":"2025-10-17T13:04:54+00:00","dateModified":"2025-10-17T13:37:43+00:00","breadcrumb":{"@id":"https:\/\/julienroquette-servicis.fr\/index.php\/amenagement-dev\/#breadcrumb"},"inLanguage":"fr-FR","potentialAction":[{"@type":"ReadAction","target":["https:\/\/julienroquette-servicis.fr\/index.php\/amenagement-dev\/"]}]},{"@type":"ImageObject","inLanguage":"fr-FR","@id":"https:\/\/julienroquette-servicis.fr\/index.php\/amenagement-dev\/#primaryimage","url":"https:\/\/julienroquette-servicis.fr\/wp-content\/uploads\/2025\/09\/Avant-4.webp","contentUrl":"https:\/\/julienroquette-servicis.fr\/wp-content\/uploads\/2025\/09\/Avant-4.webp","width":1200,"height":700},{"@type":"BreadcrumbList","@id":"https:\/\/julienroquette-servicis.fr\/index.php\/amenagement-dev\/#breadcrumb","itemListElement":[{"@type":"ListItem","position":1,"name":"Accueil","item":"https:\/\/julienroquette-servicis.fr\/"},{"@type":"ListItem","position":2,"name":"Am\u00e9nagement dev"}]},{"@type":"WebSite","@id":"https:\/\/julienroquette-servicis.fr\/#website","url":"https:\/\/julienroquette-servicis.fr\/","name":"Servicis","description":"","publisher":{"@id":"https:\/\/julienroquette-servicis.fr\/#organization"},"potentialAction":[{"@type":"SearchAction","target":{"@type":"EntryPoint","urlTemplate":"https:\/\/julienroquette-servicis.fr\/?s={search_term_string}"},"query-input":{"@type":"PropertyValueSpecification","valueRequired":true,"valueName":"search_term_string"}}],"inLanguage":"fr-FR"},{"@type":"Organization","@id":"https:\/\/julienroquette-servicis.fr\/#organization","name":"Servicis","url":"https:\/\/julienroquette-servicis.fr\/","logo":{"@type":"ImageObject","inLanguage":"fr-FR","@id":"https:\/\/julienroquette-servicis.fr\/#\/schema\/logo\/image\/","url":"https:\/\/julienroquette-servicis.fr\/wp-content\/uploads\/2024\/06\/Servicis.png","contentUrl":"https:\/\/julienroquette-servicis.fr\/wp-content\/uploads\/2024\/06\/Servicis.png","width":500,"height":500,"caption":"Servicis"},"image":{"@id":"https:\/\/julienroquette-servicis.fr\/#\/schema\/logo\/image\/"}}]}},"_links":{"self":[{"href":"https:\/\/julienroquette-servicis.fr\/index.php\/wp-json\/wp\/v2\/pages\/1232","targetHints":{"allow":["GET"]}}],"collection":[{"href":"https:\/\/julienroquette-servicis.fr\/index.php\/wp-json\/wp\/v2\/pages"}],"about":[{"href":"https:\/\/julienroquette-servicis.fr\/index.php\/wp-json\/wp\/v2\/types\/page"}],"author":[{"embeddable":true,"href":"https:\/\/julienroquette-servicis.fr\/index.php\/wp-json\/wp\/v2\/users\/1"}],"replies":[{"embeddable":true,"href":"https:\/\/julienroquette-servicis.fr\/index.php\/wp-json\/wp\/v2\/comments?post=1232"}],"version-history":[{"count":16,"href":"https:\/\/julienroquette-servicis.fr\/index.php\/wp-json\/wp\/v2\/pages\/1232\/revisions"}],"predecessor-version":[{"id":1253,"href":"https:\/\/julienroquette-servicis.fr\/index.php\/wp-json\/wp\/v2\/pages\/1232\/revisions\/1253"}],"wp:attachment":[{"href":"https:\/\/julienroquette-servicis.fr\/index.php\/wp-json\/wp\/v2\/media?parent=1232"}],"curies":[{"name":"wp","href":"https:\/\/api.w.org\/{rel}","templated":true}]}}