{"id":1160,"date":"2025-10-16T16:40:13","date_gmt":"2025-10-16T14:40:13","guid":{"rendered":"https:\/\/julienroquette-servicis.fr\/?page_id=1160"},"modified":"2025-10-17T15:02:41","modified_gmt":"2025-10-17T13:02:41","slug":"entretien-dev","status":"publish","type":"page","link":"https:\/\/julienroquette-servicis.fr\/index.php\/entretien-dev\/","title":{"rendered":"Entretien dev"},"content":{"rendered":"\t\t<div data-elementor-type=\"wp-page\" data-elementor-id=\"1160\" class=\"elementor elementor-1160\" data-elementor-post-type=\"page\">\n\t\t\t\t<div class=\"elementor-element elementor-element-9f43596 e-flex e-con-boxed e-con e-parent\" data-id=\"9f43596\" data-element_type=\"container\">\n\t\t\t\t\t<div class=\"e-con-inner\">\n\t\t<div class=\"elementor-element elementor-element-12d021b e-con-full e-flex e-con e-child\" data-id=\"12d021b\" data-element_type=\"container\" data-settings=\"{&quot;background_background&quot;:&quot;classic&quot;}\">\n\t\t\t\t<div class=\"elementor-element elementor-element-a8ffc01 elementor-widget elementor-widget-heading\" data-id=\"a8ffc01\" data-element_type=\"widget\" data-widget_type=\"heading.default\">\n\t\t\t\t<div class=\"elementor-widget-container\">\n\t\t\t\t\t<h2 class=\"elementor-heading-title elementor-size-default\">Entretien<\/h2>\t\t\t\t<\/div>\n\t\t\t\t<\/div>\n\t\t\t\t<\/div>\n\t\t\t\t\t<\/div>\n\t\t\t\t<\/div>\n\t\t<div class=\"elementor-element elementor-element-2fd5d4f e-flex e-con-boxed e-con e-parent\" data-id=\"2fd5d4f\" data-element_type=\"container\">\n\t\t\t\t\t<div class=\"e-con-inner\">\n\t\t<div class=\"elementor-element elementor-element-9631273 e-con-full e-flex e-con e-child\" data-id=\"9631273\" data-element_type=\"container\">\n\t\t\t\t<div class=\"elementor-element elementor-element-d66bb3d elementor-widget elementor-widget-heading\" data-id=\"d66bb3d\" data-element_type=\"widget\" data-widget_type=\"heading.default\">\n\t\t\t\t<div class=\"elementor-widget-container\">\n\t\t\t\t\t<h2 class=\"elementor-heading-title elementor-size-default\">Entreprise Servicis \u00e0 votre service<\/h2>\t\t\t\t<\/div>\n\t\t\t\t<\/div>\n\t\t\t\t<\/div>\n\t\t<div class=\"elementor-element elementor-element-9ac2374 e-con-full e-flex e-con e-child\" data-id=\"9ac2374\" data-element_type=\"container\">\n\t\t\t\t<div class=\"elementor-element elementor-element-0e00ea8 elementor-widget elementor-widget-text-editor\" data-id=\"0e00ea8\" data-element_type=\"widget\" data-widget_type=\"text-editor.default\">\n\t\t\t\t<div class=\"elementor-widget-container\">\n\t\t\t\t\t\t\t\t\t<p>R\u00e9gies, copropri\u00e9t\u00e9s, entreprises ou collectivit\u00e9s ? Confiez-nous l\u2019entretien de vos espaces verts et soyez assur\u00e9s d\u2019un travail bien fait et d\u2019un rendu esth\u00e9tique de qualit\u00e9.Prestataire au service de nombreux immeubles, nous assurons d\u00e9j\u00e0 plus de 50 contrats d\u2019entretien avec rigueur et professionnalisme. Choisissez, vous aussi, la s\u00e9r\u00e9nit\u00e9 en faisant appel. \u00c0 la demande ou sous contrat d\u2019entretien, nous sommes en mesure de r\u00e9pondre \u00e0 tous vos besoins : travaux de tonte de pelouse, taille de haies et d\u2019arbustes, taille d\u2019arbres fruitiers, \u00e9lagage ou abattage d\u2019arbres, rognage de souches, d\u00e9sherbage, d\u00e9neigement, ramassage et \u00e9vacuation des d\u00e9chets verts\u2026<\/p>\t\t\t\t\t\t\t\t<\/div>\n\t\t\t\t<\/div>\n\t\t\t\t<\/div>\n\t\t\t\t\t<\/div>\n\t\t\t\t<\/div>\n\t\t<div class=\"elementor-element elementor-element-cd5bf00 e-flex e-con-boxed e-con e-parent\" data-id=\"cd5bf00\" data-element_type=\"container\">\n\t\t\t\t\t<div class=\"e-con-inner\">\n\t\t<div class=\"elementor-element elementor-element-1653cc9 e-con-full e-flex e-con e-child\" data-id=\"1653cc9\" data-element_type=\"container\">\n\t\t\t\t<div class=\"elementor-element elementor-element-23269cc elementor-widget elementor-widget-heading\" data-id=\"23269cc\" data-element_type=\"widget\" data-widget_type=\"heading.default\">\n\t\t\t\t<div class=\"elementor-widget-container\">\n\t\t\t\t\t<h2 class=\"elementor-heading-title elementor-size-default\">Votre entretien \u00e0 la carte sur le Cantal<\/h2>\t\t\t\t<\/div>\n\t\t\t\t<\/div>\n\t\t\t\t<div class=\"elementor-element elementor-element-4b7b445 elementor-widget elementor-widget-text-editor\" data-id=\"4b7b445\" data-element_type=\"widget\" data-widget_type=\"text-editor.default\">\n\t\t\t\t<div class=\"elementor-widget-container\">\n\t\t\t\t\t\t\t\t\t<p>R\u00e9actifs et disponibles, nous intervenons sur le Cantal et Nord Aveyron. Cours int\u00e9rieures, parcs, abords d\u2019immeubles, de si\u00e8ges sociaux et b\u00e2timents, ou espaces urbains\u2026 Quelles que soient la taille de l\u2019espace et la typologie du terrain, nous avons l\u2019exp\u00e9rience et le mat\u00e9riel n\u00e9cessaires pour vous apporter des solutions d\u2019entretien efficaces et p\u00e9rennes.<\/p><p>La qualit\u00e9 et le s\u00e9rieux de nos prestations sont la raison de notre p\u00e9rennit\u00e9 et notre savoir-faire conjugue travail soign\u00e9 et respect de l\u2019environnement.<\/p>\t\t\t\t\t\t\t\t<\/div>\n\t\t\t\t<\/div>\n\t\t\t\t<\/div>\n\t\t<div class=\"elementor-element elementor-element-78d1bd4 e-con-full e-flex e-con e-child\" data-id=\"78d1bd4\" data-element_type=\"container\">\n\t\t\t\t<div class=\"elementor-element elementor-element-bd4b7ee elementor-widget elementor-widget-image\" data-id=\"bd4b7ee\" data-element_type=\"widget\" data-widget_type=\"image.default\">\n\t\t\t\t<div class=\"elementor-widget-container\">\n\t\t\t\t\t\t\t\t\t\t\t\t\t\t\t<img fetchpriority=\"high\" decoding=\"async\" width=\"1200\" height=\"700\" src=\"https:\/\/julienroquette-servicis.fr\/wp-content\/uploads\/2025\/09\/Avant-2.webp\" class=\"attachment-full size-full wp-image-995\" alt=\"\" srcset=\"https:\/\/julienroquette-servicis.fr\/wp-content\/uploads\/2025\/09\/Avant-2.webp 1200w, https:\/\/julienroquette-servicis.fr\/wp-content\/uploads\/2025\/09\/Avant-2-300x175.webp 300w, https:\/\/julienroquette-servicis.fr\/wp-content\/uploads\/2025\/09\/Avant-2-1024x597.webp 1024w, https:\/\/julienroquette-servicis.fr\/wp-content\/uploads\/2025\/09\/Avant-2-768x448.webp 768w\" sizes=\"(max-width: 1200px) 100vw, 1200px\" \/>\t\t\t\t\t\t\t\t\t\t\t\t\t\t\t<\/div>\n\t\t\t\t<\/div>\n\t\t\t\t<div class=\"elementor-element elementor-element-d2e0551 elementor-widget elementor-widget-spacer\" data-id=\"d2e0551\" data-element_type=\"widget\" data-widget_type=\"spacer.default\">\n\t\t\t\t<div class=\"elementor-widget-container\">\n\t\t\t\t\t\t\t<div class=\"elementor-spacer\">\n\t\t\t<div class=\"elementor-spacer-inner\"><\/div>\n\t\t<\/div>\n\t\t\t\t\t\t<\/div>\n\t\t\t\t<\/div>\n\t\t\t\t<\/div>\n\t\t\t\t\t<\/div>\n\t\t\t\t<\/div>\n\t\t<div class=\"elementor-element elementor-element-ceb23fd e-flex e-con-boxed e-con e-parent\" data-id=\"ceb23fd\" data-element_type=\"container\">\n\t\t\t\t\t<div class=\"e-con-inner\">\n\t\t<div class=\"elementor-element elementor-element-4d7968f e-con-full e-flex e-con e-child\" data-id=\"4d7968f\" data-element_type=\"container\">\n\t\t\t\t<div class=\"elementor-element elementor-element-11a1cca elementor-widget elementor-widget-image\" data-id=\"11a1cca\" data-element_type=\"widget\" data-widget_type=\"image.default\">\n\t\t\t\t<div class=\"elementor-widget-container\">\n\t\t\t\t\t\t\t\t\t\t\t\t\t\t\t<img decoding=\"async\" width=\"1200\" height=\"700\" src=\"https:\/\/julienroquette-servicis.fr\/wp-content\/uploads\/2025\/09\/Avant-3.webp\" class=\"attachment-full size-full wp-image-996\" alt=\"\" srcset=\"https:\/\/julienroquette-servicis.fr\/wp-content\/uploads\/2025\/09\/Avant-3.webp 1200w, https:\/\/julienroquette-servicis.fr\/wp-content\/uploads\/2025\/09\/Avant-3-300x175.webp 300w, https:\/\/julienroquette-servicis.fr\/wp-content\/uploads\/2025\/09\/Avant-3-1024x597.webp 1024w, https:\/\/julienroquette-servicis.fr\/wp-content\/uploads\/2025\/09\/Avant-3-768x448.webp 768w\" sizes=\"(max-width: 1200px) 100vw, 1200px\" \/>\t\t\t\t\t\t\t\t\t\t\t\t\t\t\t<\/div>\n\t\t\t\t<\/div>\n\t\t\t\t<\/div>\n\t\t<div class=\"elementor-element elementor-element-a92d585 e-con-full e-flex e-con e-child\" data-id=\"a92d585\" data-element_type=\"container\">\n\t\t\t\t<div class=\"elementor-element elementor-element-e885480 elementor-widget elementor-widget-heading\" data-id=\"e885480\" data-element_type=\"widget\" data-widget_type=\"heading.default\">\n\t\t\t\t<div class=\"elementor-widget-container\">\n\t\t\t\t\t<h2 class=\"elementor-heading-title elementor-size-default\">Confiez nous l'entretien de vos espaces verts<\/h2>\t\t\t\t<\/div>\n\t\t\t\t<\/div>\n\t\t\t\t<div class=\"elementor-element elementor-element-a5015a7 elementor-widget elementor-widget-text-editor\" data-id=\"a5015a7\" data-element_type=\"widget\" data-widget_type=\"text-editor.default\">\n\t\t\t\t<div class=\"elementor-widget-container\">\n\t\t\t\t\t\t\t\t\t<h4>Notre expertise et savoir-faire<\/h4><ul class=\"list-style-two\"><li><b>Entretien:<\/b><br \/>\u2013 Entretien des espaces communs et cours int\u00e9rieures<br \/>\u2013 Entretien des massifs et gazons<br \/>\u2013 Taille de haies et d\u2019arbustes<br \/>\u2013 Tonte de pelouse<br \/>\u2013 D\u00e9broussaillage et ramassage des feuilles<br \/>\u2013 Maintenance des all\u00e9es<\/li><li><b>Travaux de maintenance et r\u00e9habilitation:<\/b><br \/>\u2013 Abattage, d\u00e9montage, essouchage<br \/>\u2013 \u00c9lagage<br \/>\u2013 Fauchage<br \/>\u2013 D\u00e9broussaillage<br \/>\u2013 D\u00e9sherbage<br \/>\u2013 Broyage et \u00e9vacuation des d\u00e9chets<br \/>\u2013 Remises en \u00e9tat<br \/>\u2013 Restauration de berges<\/li><\/ul>\t\t\t\t\t\t\t\t<\/div>\n\t\t\t\t<\/div>\n\t\t\t\t<\/div>\n\t\t\t\t\t<\/div>\n\t\t\t\t<\/div>\n\t\t<div class=\"elementor-element elementor-element-1d08759 e-flex e-con-boxed e-con e-parent\" data-id=\"1d08759\" data-element_type=\"container\">\n\t\t\t\t\t<div class=\"e-con-inner\">\n\t\t\t\t<div class=\"elementor-element elementor-element-641b973 elementor-widget elementor-widget-spacer\" data-id=\"641b973\" data-element_type=\"widget\" data-widget_type=\"spacer.default\">\n\t\t\t\t<div class=\"elementor-widget-container\">\n\t\t\t\t\t\t\t<div class=\"elementor-spacer\">\n\t\t\t<div class=\"elementor-spacer-inner\"><\/div>\n\t\t<\/div>\n\t\t\t\t\t\t<\/div>\n\t\t\t\t<\/div>\n\t\t\t\t<div class=\"elementor-element elementor-element-81f7908 elementor-align-center e-transform elementor-widget elementor-widget-button\" data-id=\"81f7908\" data-element_type=\"widget\" data-settings=\"{&quot;_transform_scale_effect_hover&quot;:{&quot;unit&quot;:&quot;px&quot;,&quot;size&quot;:1.1,&quot;sizes&quot;:[]},&quot;_transform_scale_effect_hover_tablet&quot;:{&quot;unit&quot;:&quot;px&quot;,&quot;size&quot;:&quot;&quot;,&quot;sizes&quot;:[]},&quot;_transform_scale_effect_hover_mobile&quot;:{&quot;unit&quot;:&quot;px&quot;,&quot;size&quot;:&quot;&quot;,&quot;sizes&quot;:[]}}\" data-widget_type=\"button.default\">\n\t\t\t\t<div class=\"elementor-widget-container\">\n\t\t\t\t\t\t\t\t\t<div class=\"elementor-button-wrapper\">\n\t\t\t\t\t<a class=\"elementor-button elementor-button-link elementor-size-sm\" href=\"https:\/\/julienroquette-servicis.fr\/index.php\/vous-souhaitez-realiser-un-amenagement-un-entretien-ou-plus-encore-de-votre-espace-exterieur-contacter-servicis\/\">\n\t\t\t\t\t\t<span class=\"elementor-button-content-wrapper\">\n\t\t\t\t\t\t\t\t\t<span class=\"elementor-button-text\">Demander un devis gratuit<\/span>\n\t\t\t\t\t<\/span>\n\t\t\t\t\t<\/a>\n\t\t\t\t<\/div>\n\t\t\t\t\t\t\t\t<\/div>\n\t\t\t\t<\/div>\n\t\t\t\t\t<\/div>\n\t\t\t\t<\/div>\n\t\t\t\t<\/div>\n\t\t","protected":false},"excerpt":{"rendered":"<p>Entretien Entreprise Servicis \u00e0 votre service R\u00e9gies, copropri\u00e9t\u00e9s, entreprises ou collectivit\u00e9s ? Confiez-nous l\u2019entretien de vos espaces verts et soyez assur\u00e9s d\u2019un travail bien fait et d\u2019un rendu esth\u00e9tique de qualit\u00e9.Prestataire au service de nombreux immeubles, nous assurons d\u00e9j\u00e0 plus de 50 contrats d\u2019entretien avec rigueur et professionnalisme. Choisissez, vous aussi, la s\u00e9r\u00e9nit\u00e9 en faisant [&hellip;]<\/p>\n","protected":false},"author":1,"featured_media":0,"parent":0,"menu_order":0,"comment_status":"closed","ping_status":"closed","template":"elementor_header_footer","meta":{"footnotes":""},"class_list":["post-1160","page","type-page","status-publish","hentry","entry"],"yoast_head":"<!-- This site is optimized with the Yoast SEO plugin v26.8 - https:\/\/yoast.com\/product\/yoast-seo-wordpress\/ -->\n<title>Entretien dev - Servicis<\/title>\n<meta name=\"robots\" content=\"index, follow, max-snippet:-1, max-image-preview:large, max-video-preview:-1\" \/>\n<link rel=\"canonical\" href=\"https:\/\/julienroquette-servicis.fr\/index.php\/entretien-dev\/\" \/>\n<meta property=\"og:locale\" content=\"fr_FR\" \/>\n<meta property=\"og:type\" content=\"article\" \/>\n<meta property=\"og:title\" content=\"Entretien dev - Servicis\" \/>\n<meta property=\"og:description\" content=\"Entretien Entreprise Servicis \u00e0 votre service R\u00e9gies, copropri\u00e9t\u00e9s, entreprises ou collectivit\u00e9s ? Confiez-nous l\u2019entretien de vos espaces verts et soyez assur\u00e9s d\u2019un travail bien fait et d\u2019un rendu esth\u00e9tique de qualit\u00e9.Prestataire au service de nombreux immeubles, nous assurons d\u00e9j\u00e0 plus de 50 contrats d\u2019entretien avec rigueur et professionnalisme. Choisissez, vous aussi, la s\u00e9r\u00e9nit\u00e9 en faisant [&hellip;]\" \/>\n<meta property=\"og:url\" content=\"https:\/\/julienroquette-servicis.fr\/index.php\/entretien-dev\/\" \/>\n<meta property=\"og:site_name\" content=\"Servicis\" \/>\n<meta property=\"article:modified_time\" content=\"2025-10-17T13:02:41+00:00\" \/>\n<meta property=\"og:image\" content=\"http:\/\/julienroquette-servicis.fr\/wp-content\/uploads\/2025\/09\/Avant-2.webp\" \/>\n<meta name=\"twitter:card\" content=\"summary_large_image\" \/>\n<meta name=\"twitter:label1\" content=\"Dur\u00e9e de lecture estim\u00e9e\" \/>\n\t<meta name=\"twitter:data1\" content=\"2 minutes\" \/>\n<script type=\"application\/ld+json\" class=\"yoast-schema-graph\">{\"@context\":\"https:\/\/schema.org\",\"@graph\":[{\"@type\":\"WebPage\",\"@id\":\"https:\/\/julienroquette-servicis.fr\/index.php\/entretien-dev\/\",\"url\":\"https:\/\/julienroquette-servicis.fr\/index.php\/entretien-dev\/\",\"name\":\"Entretien dev - Servicis\",\"isPartOf\":{\"@id\":\"https:\/\/julienroquette-servicis.fr\/#website\"},\"primaryImageOfPage\":{\"@id\":\"https:\/\/julienroquette-servicis.fr\/index.php\/entretien-dev\/#primaryimage\"},\"image\":{\"@id\":\"https:\/\/julienroquette-servicis.fr\/index.php\/entretien-dev\/#primaryimage\"},\"thumbnailUrl\":\"http:\/\/julienroquette-servicis.fr\/wp-content\/uploads\/2025\/09\/Avant-2.webp\",\"datePublished\":\"2025-10-16T14:40:13+00:00\",\"dateModified\":\"2025-10-17T13:02:41+00:00\",\"breadcrumb\":{\"@id\":\"https:\/\/julienroquette-servicis.fr\/index.php\/entretien-dev\/#breadcrumb\"},\"inLanguage\":\"fr-FR\",\"potentialAction\":[{\"@type\":\"ReadAction\",\"target\":[\"https:\/\/julienroquette-servicis.fr\/index.php\/entretien-dev\/\"]}]},{\"@type\":\"ImageObject\",\"inLanguage\":\"fr-FR\",\"@id\":\"https:\/\/julienroquette-servicis.fr\/index.php\/entretien-dev\/#primaryimage\",\"url\":\"https:\/\/julienroquette-servicis.fr\/wp-content\/uploads\/2025\/09\/Avant-2.webp\",\"contentUrl\":\"https:\/\/julienroquette-servicis.fr\/wp-content\/uploads\/2025\/09\/Avant-2.webp\",\"width\":1200,\"height\":700},{\"@type\":\"BreadcrumbList\",\"@id\":\"https:\/\/julienroquette-servicis.fr\/index.php\/entretien-dev\/#breadcrumb\",\"itemListElement\":[{\"@type\":\"ListItem\",\"position\":1,\"name\":\"Accueil\",\"item\":\"https:\/\/julienroquette-servicis.fr\/\"},{\"@type\":\"ListItem\",\"position\":2,\"name\":\"Entretien dev\"}]},{\"@type\":\"WebSite\",\"@id\":\"https:\/\/julienroquette-servicis.fr\/#website\",\"url\":\"https:\/\/julienroquette-servicis.fr\/\",\"name\":\"Servicis\",\"description\":\"\",\"publisher\":{\"@id\":\"https:\/\/julienroquette-servicis.fr\/#organization\"},\"potentialAction\":[{\"@type\":\"SearchAction\",\"target\":{\"@type\":\"EntryPoint\",\"urlTemplate\":\"https:\/\/julienroquette-servicis.fr\/?s={search_term_string}\"},\"query-input\":{\"@type\":\"PropertyValueSpecification\",\"valueRequired\":true,\"valueName\":\"search_term_string\"}}],\"inLanguage\":\"fr-FR\"},{\"@type\":\"Organization\",\"@id\":\"https:\/\/julienroquette-servicis.fr\/#organization\",\"name\":\"Servicis\",\"url\":\"https:\/\/julienroquette-servicis.fr\/\",\"logo\":{\"@type\":\"ImageObject\",\"inLanguage\":\"fr-FR\",\"@id\":\"https:\/\/julienroquette-servicis.fr\/#\/schema\/logo\/image\/\",\"url\":\"https:\/\/julienroquette-servicis.fr\/wp-content\/uploads\/2024\/06\/Servicis.png\",\"contentUrl\":\"https:\/\/julienroquette-servicis.fr\/wp-content\/uploads\/2024\/06\/Servicis.png\",\"width\":500,\"height\":500,\"caption\":\"Servicis\"},\"image\":{\"@id\":\"https:\/\/julienroquette-servicis.fr\/#\/schema\/logo\/image\/\"}}]}<\/script>\n<!-- \/ Yoast SEO plugin. -->","yoast_head_json":{"title":"Entretien dev - Servicis","robots":{"index":"index","follow":"follow","max-snippet":"max-snippet:-1","max-image-preview":"max-image-preview:large","max-video-preview":"max-video-preview:-1"},"canonical":"https:\/\/julienroquette-servicis.fr\/index.php\/entretien-dev\/","og_locale":"fr_FR","og_type":"article","og_title":"Entretien dev - Servicis","og_description":"Entretien Entreprise Servicis \u00e0 votre service R\u00e9gies, copropri\u00e9t\u00e9s, entreprises ou collectivit\u00e9s ? Confiez-nous l\u2019entretien de vos espaces verts et soyez assur\u00e9s d\u2019un travail bien fait et d\u2019un rendu esth\u00e9tique de qualit\u00e9.Prestataire au service de nombreux immeubles, nous assurons d\u00e9j\u00e0 plus de 50 contrats d\u2019entretien avec rigueur et professionnalisme. Choisissez, vous aussi, la s\u00e9r\u00e9nit\u00e9 en faisant [&hellip;]","og_url":"https:\/\/julienroquette-servicis.fr\/index.php\/entretien-dev\/","og_site_name":"Servicis","article_modified_time":"2025-10-17T13:02:41+00:00","og_image":[{"url":"http:\/\/julienroquette-servicis.fr\/wp-content\/uploads\/2025\/09\/Avant-2.webp","type":"","width":"","height":""}],"twitter_card":"summary_large_image","twitter_misc":{"Dur\u00e9e de lecture estim\u00e9e":"2 minutes"},"schema":{"@context":"https:\/\/schema.org","@graph":[{"@type":"WebPage","@id":"https:\/\/julienroquette-servicis.fr\/index.php\/entretien-dev\/","url":"https:\/\/julienroquette-servicis.fr\/index.php\/entretien-dev\/","name":"Entretien dev - Servicis","isPartOf":{"@id":"https:\/\/julienroquette-servicis.fr\/#website"},"primaryImageOfPage":{"@id":"https:\/\/julienroquette-servicis.fr\/index.php\/entretien-dev\/#primaryimage"},"image":{"@id":"https:\/\/julienroquette-servicis.fr\/index.php\/entretien-dev\/#primaryimage"},"thumbnailUrl":"http:\/\/julienroquette-servicis.fr\/wp-content\/uploads\/2025\/09\/Avant-2.webp","datePublished":"2025-10-16T14:40:13+00:00","dateModified":"2025-10-17T13:02:41+00:00","breadcrumb":{"@id":"https:\/\/julienroquette-servicis.fr\/index.php\/entretien-dev\/#breadcrumb"},"inLanguage":"fr-FR","potentialAction":[{"@type":"ReadAction","target":["https:\/\/julienroquette-servicis.fr\/index.php\/entretien-dev\/"]}]},{"@type":"ImageObject","inLanguage":"fr-FR","@id":"https:\/\/julienroquette-servicis.fr\/index.php\/entretien-dev\/#primaryimage","url":"https:\/\/julienroquette-servicis.fr\/wp-content\/uploads\/2025\/09\/Avant-2.webp","contentUrl":"https:\/\/julienroquette-servicis.fr\/wp-content\/uploads\/2025\/09\/Avant-2.webp","width":1200,"height":700},{"@type":"BreadcrumbList","@id":"https:\/\/julienroquette-servicis.fr\/index.php\/entretien-dev\/#breadcrumb","itemListElement":[{"@type":"ListItem","position":1,"name":"Accueil","item":"https:\/\/julienroquette-servicis.fr\/"},{"@type":"ListItem","position":2,"name":"Entretien dev"}]},{"@type":"WebSite","@id":"https:\/\/julienroquette-servicis.fr\/#website","url":"https:\/\/julienroquette-servicis.fr\/","name":"Servicis","description":"","publisher":{"@id":"https:\/\/julienroquette-servicis.fr\/#organization"},"potentialAction":[{"@type":"SearchAction","target":{"@type":"EntryPoint","urlTemplate":"https:\/\/julienroquette-servicis.fr\/?s={search_term_string}"},"query-input":{"@type":"PropertyValueSpecification","valueRequired":true,"valueName":"search_term_string"}}],"inLanguage":"fr-FR"},{"@type":"Organization","@id":"https:\/\/julienroquette-servicis.fr\/#organization","name":"Servicis","url":"https:\/\/julienroquette-servicis.fr\/","logo":{"@type":"ImageObject","inLanguage":"fr-FR","@id":"https:\/\/julienroquette-servicis.fr\/#\/schema\/logo\/image\/","url":"https:\/\/julienroquette-servicis.fr\/wp-content\/uploads\/2024\/06\/Servicis.png","contentUrl":"https:\/\/julienroquette-servicis.fr\/wp-content\/uploads\/2024\/06\/Servicis.png","width":500,"height":500,"caption":"Servicis"},"image":{"@id":"https:\/\/julienroquette-servicis.fr\/#\/schema\/logo\/image\/"}}]}},"_links":{"self":[{"href":"https:\/\/julienroquette-servicis.fr\/index.php\/wp-json\/wp\/v2\/pages\/1160","targetHints":{"allow":["GET"]}}],"collection":[{"href":"https:\/\/julienroquette-servicis.fr\/index.php\/wp-json\/wp\/v2\/pages"}],"about":[{"href":"https:\/\/julienroquette-servicis.fr\/index.php\/wp-json\/wp\/v2\/types\/page"}],"author":[{"embeddable":true,"href":"https:\/\/julienroquette-servicis.fr\/index.php\/wp-json\/wp\/v2\/users\/1"}],"replies":[{"embeddable":true,"href":"https:\/\/julienroquette-servicis.fr\/index.php\/wp-json\/wp\/v2\/comments?post=1160"}],"version-history":[{"count":55,"href":"https:\/\/julienroquette-servicis.fr\/index.php\/wp-json\/wp\/v2\/pages\/1160\/revisions"}],"predecessor-version":[{"id":1231,"href":"https:\/\/julienroquette-servicis.fr\/index.php\/wp-json\/wp\/v2\/pages\/1160\/revisions\/1231"}],"wp:attachment":[{"href":"https:\/\/julienroquette-servicis.fr\/index.php\/wp-json\/wp\/v2\/media?parent=1160"}],"curies":[{"name":"wp","href":"https:\/\/api.w.org\/{rel}","templated":true}]}}